{"id":1194,"date":"2013-10-02T11:40:52","date_gmt":"2013-10-02T09:40:52","guid":{"rendered":"http:\/\/www.f3f.ch\/?page_id=1194"},"modified":"2013-10-02T12:19:37","modified_gmt":"2013-10-02T10:19:37","slug":"softshell-jacke","status":"publish","type":"page","link":"https:\/\/www.f3f.ch\/?page_id=1194","title":{"rendered":"Softshell Jacke"},"content":{"rendered":"<p><a class=\"button medium \" href=\"mailto:fashion@f3f.ch\"><strong>Bestellen<\/strong> <span class=\"arrow\">&raquo;<\/span><\/a><\/p>\n<p><a class=\"button  \" href=\"http:\/\/www.f3f.ch\/?page_id=1184\"><strong>Polo-Shirt<\/strong><\/a> <a class=\"button  \" href=\"http:\/\/www.f3f.ch\/?page_id=1194\"><b>Softshell Jacke<\/b><\/a> <a class=\"button  \" href=\"http:\/\/www.f3f.ch\/?page_id=1199\"><b>Strickm\u00fctze<\/b><b><\/b><\/a> <a class=\"button  \" href=\"http:\/\/www.f3f.ch\/?page_id=1205\"><b>Cap<\/b><\/a> <a class=\"button  \" href=\"http:\/\/www.f3f.ch\/?page_id=1209\"><b>Aufn\u00e4her<\/b><\/a><\/p>\n<p><b>Softshell Jacke f\u00fcr Herren<\/b> mit Stoffstiker \u201eF3F SWISS PILOTS\u201c<br \/>\nMarke STORMTECH Modell EXPEDITION XB-2<br \/>\n<a href=\"http:\/\/www.stormtech.ca\/xb-2m-expedition-softshell.html\">http:\/\/www.stormtech.ca\/xb-2m-expedition-softshell.html<\/a><br \/>\nsehr gute Qualit\u00e4t, abnehmbare Kapuze, Farbe (sw\/rot)<br \/>\nErh\u00e4ltliche Gr\u00f6ssen: S, M, L, XL, 2XL, 3XL<\/p>\n<p>CHF 330.-<\/p>\n<p><b>Softshell Jacke f\u00fcr Damen<\/b> mit Stoffstiker \u201eF3F SWISS PILOTS\u201c<br \/>\nMarke STORMTECH Modell EXPEDITION XB-2W<br \/>\n<a href=\"http:\/\/www.stormtech.ca\/xb-2w-expedition-softshell.html\">http:\/\/www.stormtech.ca\/xb-2w-expedition-softshell.html<\/a><br \/>\nsehr gute Qualit\u00e4t, abnehmbare Kapuze Farbe (sw\/rot)<br \/>\nErh\u00e4ltliche Gr\u00f6ssen: XS, S, M, L, XL, 2XL<\/p>\n<p>CHF 330.-<\/p>\n<p><a href=\"http:\/\/www.f3f.ch\/wp-content\/uploads\/2013\/10\/f3fsp_Hat_Jacke2.jpg\"><img loading=\"lazy\" decoding=\"async\" class=\"aligncenter size-full wp-image-1195\" alt=\"f3fsp_Hat_Jacke2\" src=\"http:\/\/www.f3f.ch\/wp-content\/uploads\/2013\/10\/f3fsp_Hat_Jacke2.jpg\" width=\"640\" height=\"480\" srcset=\"https:\/\/www.f3f.ch\/wp-content\/uploads\/2013\/10\/f3fsp_Hat_Jacke2.jpg 640w, https:\/\/www.f3f.ch\/wp-content\/uploads\/2013\/10\/f3fsp_Hat_Jacke2-300x225.jpg 300w\" sizes=\"(max-width: 640px) 100vw, 640px\" \/><\/a> <a href=\"http:\/\/www.f3f.ch\/wp-content\/uploads\/2013\/10\/xb-2m_black_flamered.jpg\"><img loading=\"lazy\" decoding=\"async\" class=\"aligncenter size-large wp-image-1196\" alt=\"xb-2m_black_flamered\" src=\"http:\/\/www.f3f.ch\/wp-content\/uploads\/2013\/10\/xb-2m_black_flamered-866x1024.jpg\" width=\"680\" height=\"804\" srcset=\"https:\/\/www.f3f.ch\/wp-content\/uploads\/2013\/10\/xb-2m_black_flamered-866x1024.jpg 866w, https:\/\/www.f3f.ch\/wp-content\/uploads\/2013\/10\/xb-2m_black_flamered-253x300.jpg 253w, https:\/\/www.f3f.ch\/wp-content\/uploads\/2013\/10\/xb-2m_black_flamered-680x804.jpg 680w, https:\/\/www.f3f.ch\/wp-content\/uploads\/2013\/10\/xb-2m_black_flamered-300x354.jpg 300w, https:\/\/www.f3f.ch\/wp-content\/uploads\/2013\/10\/xb-2m_black_flamered-940x1111.jpg 940w, https:\/\/www.f3f.ch\/wp-content\/uploads\/2013\/10\/xb-2m_black_flamered.jpg 1272w\" sizes=\"(max-width: 680px) 100vw, 680px\" \/><\/a><\/p>\n","protected":false},"excerpt":{"rendered":"<p>Softshell Jacke f\u00fcr Herren mit Stoffstiker \u201eF3F SWISS PILOTS\u201c Marke STORMTECH Modell EXPEDITION XB-2 http:\/\/www.stormtech.ca\/xb-2m-expedition-softshell.html sehr gute Qualit\u00e4t, abnehmbare Kapuze, Farbe (sw\/rot) Erh\u00e4ltliche Gr\u00f6ssen: S, M, L, XL, 2XL, 3XL CHF 330.- Softshell Jacke f\u00fcr Damen mit Stoffstiker \u201eF3F SWISS&hellip;<\/p>\n","protected":false},"author":1,"featured_media":0,"parent":1180,"menu_order":0,"comment_status":"open","ping_status":"open","template":"","meta":{"footnotes":""},"_links":{"self":[{"href":"https:\/\/www.f3f.ch\/index.php?rest_route=\/wp\/v2\/pages\/1194"}],"collection":[{"href":"https:\/\/www.f3f.ch\/index.php?rest_route=\/wp\/v2\/pages"}],"about":[{"href":"https:\/\/www.f3f.ch\/index.php?rest_route=\/wp\/v2\/types\/page"}],"author":[{"embeddable":true,"href":"https:\/\/www.f3f.ch\/index.php?rest_route=\/wp\/v2\/users\/1"}],"replies":[{"embeddable":true,"href":"https:\/\/www.f3f.ch\/index.php?rest_route=%2Fwp%2Fv2%2Fcomments&post=1194"}],"version-history":[{"count":6,"href":"https:\/\/www.f3f.ch\/index.php?rest_route=\/wp\/v2\/pages\/1194\/revisions"}],"predecessor-version":[{"id":1238,"href":"https:\/\/www.f3f.ch\/index.php?rest_route=\/wp\/v2\/pages\/1194\/revisions\/1238"}],"up":[{"embeddable":true,"href":"https:\/\/www.f3f.ch\/index.php?rest_route=\/wp\/v2\/pages\/1180"}],"wp:attachment":[{"href":"https:\/\/www.f3f.ch\/index.php?rest_route=%2Fwp%2Fv2%2Fmedia&parent=1194"}],"curies":[{"name":"wp","href":"https:\/\/api.w.org\/{rel}","templated":true}]}}