{"id":1522,"date":"2014-02-02T18:35:42","date_gmt":"2014-02-02T16:35:42","guid":{"rendered":"http:\/\/www.f3f.ch\/?page_id=1522"},"modified":"2014-02-04T16:56:13","modified_gmt":"2014-02-04T14:56:13","slug":"f3f-swiss-cup-2014","status":"publish","type":"page","link":"https:\/\/www.f3f.ch\/?page_id=1522","title":{"rendered":"F3F SWISS CUP 2014"},"content":{"rendered":"<p>F3F SWISS CUP \u00a0sind Wettbewerbe organisiert durch den Verein<a title=\"F3F SWISS PILOTS\" href=\"http:\/\/www.f3f.ch\/?page_id=91\"><strong> F3F SWISS PILOT<\/strong>S<\/a> und Bestandteil unseres Jahresprogramms. Die Wettbewerbe sind grunds\u00e4tzlich f\u00fcr jedermann offen welcher ein RC-Segelflugzeug lenken kann und \u00fcber eine entsprechende Haftpflichtversicherung verf\u00fcgt. Der F3F SWISS CUP soll auch Neueinsteigern Gelegenheit bieten sich in der <a title=\"was ist F3F?\" href=\"http:\/\/www.f3f.ch\/?page_id=16\">Wettbewerbsklasse F3F<\/a> zu versuchen und dem ambitionierten F3F Wettbewerbspiloten weitere M\u00f6glichkeiten bieten seinen Skill Level zu halten und zu verbessern.<\/p>\n<p><a class=\"button  \" href=\"http:\/\/www.f3f.ch\/?page_id=1524\"><strong>F3F SWISS CUP 2014-1<\/strong><\/a><\/p>\n<p><a class=\"button  \" href=\"http:\/\/www.f3f.ch\/?page_id=1546\"><strong>Wettervorhersage<\/strong><\/a><\/p>\n","protected":false},"excerpt":{"rendered":"<p>F3F SWISS CUP \u00a0sind Wettbewerbe organisiert durch den Verein F3F SWISS PILOTS und Bestandteil unseres Jahresprogramms. Die Wettbewerbe sind grunds\u00e4tzlich f\u00fcr jedermann offen welcher ein RC-Segelflugzeug lenken kann und \u00fcber eine entsprechende Haftpflichtversicherung verf\u00fcgt. Der F3F SWISS CUP soll auch&hellip;<\/p>\n","protected":false},"author":1,"featured_media":0,"parent":13,"menu_order":0,"comment_status":"open","ping_status":"open","template":"","meta":{"footnotes":""},"_links":{"self":[{"href":"https:\/\/www.f3f.ch\/index.php?rest_route=\/wp\/v2\/pages\/1522"}],"collection":[{"href":"https:\/\/www.f3f.ch\/index.php?rest_route=\/wp\/v2\/pages"}],"about":[{"href":"https:\/\/www.f3f.ch\/index.php?rest_route=\/wp\/v2\/types\/page"}],"author":[{"embeddable":true,"href":"https:\/\/www.f3f.ch\/index.php?rest_route=\/wp\/v2\/users\/1"}],"replies":[{"embeddable":true,"href":"https:\/\/www.f3f.ch\/index.php?rest_route=%2Fwp%2Fv2%2Fcomments&post=1522"}],"version-history":[{"count":10,"href":"https:\/\/www.f3f.ch\/index.php?rest_route=\/wp\/v2\/pages\/1522\/revisions"}],"predecessor-version":[{"id":1558,"href":"https:\/\/www.f3f.ch\/index.php?rest_route=\/wp\/v2\/pages\/1522\/revisions\/1558"}],"up":[{"embeddable":true,"href":"https:\/\/www.f3f.ch\/index.php?rest_route=\/wp\/v2\/pages\/13"}],"wp:attachment":[{"href":"https:\/\/www.f3f.ch\/index.php?rest_route=%2Fwp%2Fv2%2Fmedia&parent=1522"}],"curies":[{"name":"wp","href":"https:\/\/api.w.org\/{rel}","templated":true}]}}