{"id":1524,"date":"2014-02-02T18:37:46","date_gmt":"2014-02-02T16:37:46","guid":{"rendered":"http:\/\/www.f3f.ch\/?page_id=1524"},"modified":"2014-02-07T18:23:38","modified_gmt":"2014-02-07T16:23:38","slug":"f3f-swiss-cup-2014-1","status":"publish","type":"page","link":"https:\/\/www.f3f.ch\/?page_id=1524","title":{"rendered":"F3F SWISS CUP 2014 &#8211; 1"},"content":{"rendered":"<p>Untermettinger F3F Dorfpokalfliegen, Februar 2014<\/p>\n<p><span style=\"line-height: 1.7;\">Hallo F3F SWISS PILOTS<\/span><span style=\"line-height: 1.7;\">\u00a0<\/span><\/p>\n<p>Es freut mich euch zum ersten F3F SWISS CUP 2014 einladen zu d\u00fcrfen \ud83d\ude42<br \/>\n<span style=\"line-height: 1.7;\">Markus Meissner hat f\u00fcr uns in seinem Heimatverein, der MFG Untermettingen, einen attraktiven Hang klar gemacht! Wir haben die M\u00f6glichkeit bis zum M\u00e4rz diese Gelegenheit zu nutzen um am \u201eL\u00f6chle\u201c einen F3F SWISS CUP auszufliegen. Wir durften letzten Sonntag (26.1) den Hang auf F3F Tauglichkeit begutachten und sind 6 Testdurchg\u00e4nge geflogen wobei der Wind leider zum Schluss immer mehr abstellte. Trotzdem, der Hang taugt sehr gut.<\/span><\/p>\n<p>Die Teilnehmerzahl ist limitiert!<\/p>\n<p>Ich weiss, es ist alles etwas Kurzfristig doch ich m\u00f6chte die Gelegenheit jetzt nutzen da wir am \u201eL\u00f6chle\u201c nur bis Ende Februar \u00a0eine Nutzung bekommen.\u00a0Alles weitere zur Anmeldung und Wettbewerb in der Ausschreibung. Hier dem Link folgen&#8230;\u00a0<strong><a href=\"http:\/\/www.f3f.ch\/wp-content\/uploads\/2014\/02\/F3F-SWISS-CUP-2014-1.pdf\">F3F SWISS CUP 2014-1<\/a><\/strong><\/p>\n<p><a title=\"aktuelle Vorhersage f\u00fcr Wind und Wetter\" href=\"http:\/\/www.f3f.ch\/?page_id=1546\">Wettervorhersage&#8230;<\/a><\/p>\n<p><strong>Der Wettbewerb wird am Sonntag 9. Februar 2014 durchgef\u00fchrt!<\/strong><\/p>\n<p>Martin Ulrich<\/p>\n","protected":false},"excerpt":{"rendered":"<p>Untermettinger F3F Dorfpokalfliegen, Februar 2014 Hallo F3F SWISS PILOTS\u00a0 Es freut mich euch zum ersten F3F SWISS CUP 2014 einladen zu d\u00fcrfen \ud83d\ude42 Markus Meissner hat f\u00fcr uns in seinem Heimatverein, der MFG Untermettingen, einen attraktiven Hang klar gemacht! Wir&hellip;<\/p>\n","protected":false},"author":1,"featured_media":0,"parent":1522,"menu_order":0,"comment_status":"open","ping_status":"open","template":"","meta":{"footnotes":""},"_links":{"self":[{"href":"https:\/\/www.f3f.ch\/index.php?rest_route=\/wp\/v2\/pages\/1524"}],"collection":[{"href":"https:\/\/www.f3f.ch\/index.php?rest_route=\/wp\/v2\/pages"}],"about":[{"href":"https:\/\/www.f3f.ch\/index.php?rest_route=\/wp\/v2\/types\/page"}],"author":[{"embeddable":true,"href":"https:\/\/www.f3f.ch\/index.php?rest_route=\/wp\/v2\/users\/1"}],"replies":[{"embeddable":true,"href":"https:\/\/www.f3f.ch\/index.php?rest_route=%2Fwp%2Fv2%2Fcomments&post=1524"}],"version-history":[{"count":9,"href":"https:\/\/www.f3f.ch\/index.php?rest_route=\/wp\/v2\/pages\/1524\/revisions"}],"predecessor-version":[{"id":1577,"href":"https:\/\/www.f3f.ch\/index.php?rest_route=\/wp\/v2\/pages\/1524\/revisions\/1577"}],"up":[{"embeddable":true,"href":"https:\/\/www.f3f.ch\/index.php?rest_route=\/wp\/v2\/pages\/1522"}],"wp:attachment":[{"href":"https:\/\/www.f3f.ch\/index.php?rest_route=%2Fwp%2Fv2%2Fmedia&parent=1524"}],"curies":[{"name":"wp","href":"https:\/\/api.w.org\/{rel}","templated":true}]}}