{"id":2,"date":"2013-04-16T16:58:22","date_gmt":"2013-04-16T16:58:22","guid":{"rendered":"http:\/\/www.f3f.ch\/?page_id=2"},"modified":"2017-05-08T20:50:56","modified_gmt":"2017-05-08T18:50:56","slug":"beispiel-seite","status":"publish","type":"page","link":"https:\/\/www.f3f.ch\/","title":{"rendered":"Startseite"},"content":{"rendered":"<hr class=\"dotted\" \/>\n<h4 style=\"text-align: center;\">\u00a0<span style=\"color: #c0c0c0;\">Diese Website ist\u00a0die Informationslattform f\u00fcr die Schweizer F3F Szene.<\/span><\/h4>\n<h4 style=\"text-align: center;\"><span style=\"color: #c0c0c0;\">Der F3F SWISS\u00a0PILOTS ist ein Verein zur F\u00f6rderung des Modellflugsportes insbesondere der Wettbewerbsklasse F3F. Diese Website dient zu Kommunikation und Pr\u00e4sentation unserer Anliegen. Es ist ein Instrument f\u00fcr die aktuellen F3F Teams um sich f\u00fcr die internationalen Meisterschaften zu pr\u00e4sentieren und alle Interessenten mit aktuellen Informationen zu bedienen.<br \/>\n<\/span><br \/>\n<span style=\"color: #ff0000;\"><a style=\"color: #ff0000;\" href=\"http:\/\/www.f3f.ch\/?page_id=120\">AKTUELLE NEWS immer im BLOG<\/a><\/span><span style=\"color: #c0c0c0;\"><span style=\"color: #c0c0c0;\"><a title=\"F3F SM 2013\" href=\"http:\/\/www.f3f.ch\/?page_id=1256\">\u00a0<\/a><\/span><\/span><\/p>\n<section id=\"86\" class=\"ss-slider\">\n<article class=\"slide\"><a href=\"http:\/\/www.leomotion.com\" class=\"\"><img decoding=\"async\" src=\"http:\/\/www.f3f.ch\/wp-content\/uploads\/2013\/09\/f3f_speed_leomotion_web.jpg\" alt=\"F3F Slides\" class=\"slide-bg-image\" \/><\/p>\n<div class=\"slide-button \">\n<h5>LEOMOTION GmbH<\/h5>\n<p><span class=\"description\">F\u00fcr alle, die nicht das Allt\u00e4gliche suchen!<\/span><\/div>\n<p><\/a><\/p>\n<div class=\"slide-content\">Speed &#8211; LEOMOTION GmbH &#8211; Die Brushless Motoren Manufaktur im Z\u00fcrcher Oberland &#8211; Reach New Heights!<\/div>\n<\/article>\n<p><!-- end .slide --><\/p>\n<article class=\"slide\"><a href=\"http:\/\/www.proffix.net\/\" class=\"\"><img decoding=\"async\" src=\"http:\/\/www.f3f.ch\/wp-content\/uploads\/2013\/08\/header02-940x462-proffix.jpg\" alt=\"F3F Slides\" class=\"slide-bg-image\" \/><\/p>\n<div class=\"slide-button \">\n<h5>PROFFIX Software f\u00fcr KMU<\/h5>\n<p><span class=\"description\">Einfach mehr Freizeit<\/span><\/div>\n<p><\/a><\/p>\n<div class=\"slide-content\">Konzentration &#8211; <\/p>\n<p>PROFFIX Software f\u00fcr KMU &#8211; Einfach mehr Freizeit<\/p><\/div>\n<\/article>\n<p><!-- end .slide --><\/section>\n<p><!-- end .ss-slider --><\/h4>\n","protected":false},"excerpt":{"rendered":"<p>\u00a0Diese Website ist\u00a0die Informationslattform f\u00fcr die Schweizer F3F Szene. Der F3F SWISS\u00a0PILOTS ist ein Verein zur F\u00f6rderung des Modellflugsportes insbesondere der Wettbewerbsklasse F3F. Diese Website dient zu Kommunikation und Pr\u00e4sentation unserer Anliegen. Es ist ein Instrument f\u00fcr die aktuellen F3F&hellip;<\/p>\n","protected":false},"author":1,"featured_media":0,"parent":0,"menu_order":0,"comment_status":"open","ping_status":"open","template":"","meta":{"footnotes":""},"_links":{"self":[{"href":"https:\/\/www.f3f.ch\/index.php?rest_route=\/wp\/v2\/pages\/2"}],"collection":[{"href":"https:\/\/www.f3f.ch\/index.php?rest_route=\/wp\/v2\/pages"}],"about":[{"href":"https:\/\/www.f3f.ch\/index.php?rest_route=\/wp\/v2\/types\/page"}],"author":[{"embeddable":true,"href":"https:\/\/www.f3f.ch\/index.php?rest_route=\/wp\/v2\/users\/1"}],"replies":[{"embeddable":true,"href":"https:\/\/www.f3f.ch\/index.php?rest_route=%2Fwp%2Fv2%2Fcomments&post=2"}],"version-history":[{"count":32,"href":"https:\/\/www.f3f.ch\/index.php?rest_route=\/wp\/v2\/pages\/2\/revisions"}],"predecessor-version":[{"id":3425,"href":"https:\/\/www.f3f.ch\/index.php?rest_route=\/wp\/v2\/pages\/2\/revisions\/3425"}],"wp:attachment":[{"href":"https:\/\/www.f3f.ch\/index.php?rest_route=%2Fwp%2Fv2%2Fmedia&parent=2"}],"curies":[{"name":"wp","href":"https:\/\/api.w.org\/{rel}","templated":true}]}}