{"id":3747,"date":"2018-04-26T14:37:39","date_gmt":"2018-04-26T12:37:39","guid":{"rendered":"http:\/\/www.f3f.ch\/?page_id=3747"},"modified":"2018-04-26T14:37:39","modified_gmt":"2018-04-26T12:37:39","slug":"f3f-swiss-team-wm-2018","status":"publish","type":"page","link":"https:\/\/www.f3f.ch\/?page_id=3747","title":{"rendered":"F3F SWISS Team WM 2018"},"content":{"rendered":"<p style=\"text-align: center;\">Dieses Jahr 2018 findet die vierte offizielle F3F Weltmeisterschaft\u00a0statt. Auf der Insel R\u00dcGEN, DEUTSCHLAND werden sich die Auswahlen der ganzen Welt w\u00e4hrend 7 Tagen messen. Jedes Land kann ein Team von drei Piloten an die WM entsenden.<\/p>\n<p style=\"text-align: center;\">Das Team f\u00fcr die Schweiz an der F3F Weltmeisterschaft auf R\u00fcgen<\/p>\n<hr class=\"dotted\" \/>\n<div class=\"team-member one-fourth \"><img loading=\"lazy\" decoding=\"async\" width=\"150\" height=\"209\" src=\"https:\/\/www.f3f.ch\/wp-content\/uploads\/2018\/05\/res-portrait.jpg\" class=\"photo wp-post-image\" alt=\"\" \/><\/p>\n<div class=\"content\">\n<h4 class=\"name\">Andreas B\u00f6hlen<\/h4>\n<p><span class=\"job-title\">Pilot<\/span><\/p>\n<p><strong>Wohnort:<\/strong> Etziken (SO)<\/p>\n<p><strong>Jahrgang:<\/strong> 1970<\/p>\n<p><strong>Beruf:<\/strong> Dipl. Lebensmitteltechnologe (bei der dreieckigen Schokolade)<\/p>\n<p><strong>Verein:<\/strong> <span style=\"color: #999999;\"><a style=\"color: #999999;\" href=\"http:\/\/www.f3f.ch\">F3F SWISS PILOTS<\/a><\/span><\/p>\n<p>Ich betreibe Modellflug seit ich laufen kann&#8230;<br \/>\nF3F wettkampfm\u00e4ssig seit 2011<\/p>\n<p>Schweizermeisterschaften:<\/p>\n<p>2. Rang 2011<br \/>\n5. Rang 2012<br \/>\n1. Rang 2013<br \/>\n2. Rang 2014<br \/>\n4. Rang 2017<\/p>\n<p>Internationale Teilnahmen:<\/p>\n<p>7. Rang 2016 RC Network Open<br \/>\n5. Rang 2017 RC Network Open<br \/>\n10. Rang 2017 Lemoncello Cup<\/p>\n<p>Schnellste Zeit, 36.42 Lemoncello Cup<\/p>\n<p>Aktuelle F3F Flotte: (Baudismodel)<br \/>\nPitbull<br \/>\nPitbull 2<br \/>\nFosa Lift<br \/>\nFosa<\/p>\n<div id=\"attachment_3611\" style=\"width: 310px\" class=\"wp-caption aligncenter\"><a href=\"http:\/\/www.f3f.ch\/wp-content\/uploads\/2017\/07\/f3f_lemoncello_2017039.jpg\"><img loading=\"lazy\" decoding=\"async\" aria-describedby=\"caption-attachment-3611\" class=\"wp-image-3611 size-medium\" src=\"http:\/\/www.f3f.ch\/wp-content\/uploads\/2017\/07\/f3f_lemoncello_2017039-300x225.jpg\" alt=\"\" width=\"300\" height=\"225\" srcset=\"https:\/\/www.f3f.ch\/wp-content\/uploads\/2017\/07\/f3f_lemoncello_2017039-300x225.jpg 300w, https:\/\/www.f3f.ch\/wp-content\/uploads\/2017\/07\/f3f_lemoncello_2017039-768x576.jpg 768w, https:\/\/www.f3f.ch\/wp-content\/uploads\/2017\/07\/f3f_lemoncello_2017039-1024x768.jpg 1024w, https:\/\/www.f3f.ch\/wp-content\/uploads\/2017\/07\/f3f_lemoncello_2017039-680x510.jpg 680w, https:\/\/www.f3f.ch\/wp-content\/uploads\/2017\/07\/f3f_lemoncello_2017039-940x705.jpg 940w, https:\/\/www.f3f.ch\/wp-content\/uploads\/2017\/07\/f3f_lemoncello_2017039.jpg 2048w\" sizes=\"(max-width: 300px) 100vw, 300px\" \/><\/a><\/p>\n<p id=\"caption-attachment-3611\" class=\"wp-caption-text\">Resu<\/p>\n<\/div>\n<ul class=\"social-links\"><\/ul>\n<p><!-- end .social-links --><\/div>\n<p><!-- end .content --><\/div>\n<p><!-- end .team-member --><\/p>\n<div class=\"team-member one-fourth \"><img loading=\"lazy\" decoding=\"async\" width=\"200\" height=\"196\" src=\"https:\/\/www.f3f.ch\/wp-content\/uploads\/2014\/02\/RC-Network-open-21-e1526552248927.jpg\" class=\"photo wp-post-image\" alt=\"\" \/><\/p>\n<div class=\"content\">\n<h4 class=\"name\">Markus Meissner<\/h4>\n<p><span class=\"job-title\">Pilot<\/span><\/p>\n<p><strong>Wohnort:<\/strong> Neunkirch<\/p>\n<p><strong>Jahrgang:<\/strong> 1968<\/p>\n<p><strong>Verein:<\/strong> <a href=\"http:\/\/www.mg-schaffhausen.ch\/\">MG Schaffhausen<\/a>, <a href=\"http:\/\/www.mfgu.de\/\">MFG Untermettingen<\/a>, <span style=\"color: #c0c0c0;\"><a title=\"F3F SWISS PILOTS\" href=\"http:\/\/www.f3f.ch\"><span style=\"color: #c0c0c0;\">F3F SWISS PILOTS<\/span><\/a><\/span><\/p>\n<p>Ich betreibe Modellflug seit 1981. Ab 2010 Wettbewerbe F3F National, ab 2012 Wettbewerbe F3F International.<\/p>\n<p>Meine Modellflugzeuge f\u00fcr den Wettbewerbseinsatz:<\/p>\n<p>3x Radical Jazz\u00a0(<a href=\"http:\/\/www.weberschock-development.de\/\">Weberschock Development<\/a>) 1x Neo<\/p>\n<p><a href=\"http:\/\/www.f3f.ch\/wp-content\/uploads\/2018\/05\/Lofoten-2017-118.png\"><img loading=\"lazy\" decoding=\"async\" class=\"aligncenter wp-image-3780 size-thumbnail\" src=\"http:\/\/www.f3f.ch\/wp-content\/uploads\/2018\/05\/Lofoten-2017-118-150x150.png\" alt=\"\" width=\"150\" height=\"150\" \/><\/a><\/p>\n<ul class=\"social-links\"><\/ul>\n<p><!-- end .social-links --><\/div>\n<p><!-- end .content --><\/div>\n<p><!-- end .team-member --><\/p>\n<div class=\"team-member one-fourth \"><img loading=\"lazy\" decoding=\"async\" width=\"150\" height=\"151\" src=\"https:\/\/www.f3f.ch\/wp-content\/uploads\/2013\/04\/portrait_stefan_bertschi_small.jpg\" class=\"photo wp-post-image\" alt=\"Stefan Bertschi\" \/><\/p>\n<div class=\"content\">\n<h4 class=\"name\">Stefan Bertschi<\/h4>\n<p><span class=\"job-title\">Pilot \/ Team Manager WM 2012<\/span><\/p>\n<p style=\"text-align: center;\"><strong>Wohnort:<\/strong> Maur (ZH)<br \/>\n<strong>Fluggruppe:<\/strong>  IG Albis; F3F Swiss Pilots<br \/>\n<strong>Modellflug seit:<\/strong> 1986 (mit kleinen Unterbr\u00fcchen)<br \/>\n<strong>F3F seit: 2008<\/strong> &#8211; Mein allererster Wettbewerb war das Welsh Open welches ich auf dem letzen Platz &#8211; <span style=\"color: #0000ff;\"><a href=\"http:\/\/www.f3f.co.uk\/knewt\/comps\/wo08\/kw0o3622.htm\"><span style=\"color: #0000ff;\"><span style=\"color: #c0c0c0;\">inkl.<\/span><span style=\"color: #c0c0c0;\"> kapitalem Absturz meiner Ellipse 2V<\/span><\/span><\/a> <\/span>&#8211;\u00a0beendete.<\/p>\n<p style=\"text-align: center;\"><strong>Erfolge National:<\/strong><br \/>\n3er Platz SM-F3F 2010 (Hahnenmoos)<br \/>\n1er Platz SM-F3F 2011(N\u00e4he La Roche)<br \/>\n4er Platz SM-F3F 2012 (Hahnenmoos)<br \/>\nSchweizer Rekord F3F mit 25.48 Sek (Pyren\u00e9es Cup 2016)<br \/>\n<strong>Erfolge International:<\/strong><br \/>\n<span style=\"color: #c0c0c0;\"><a href=\"http:\/\/rcsoar.zenfolio.com\/s_england_f3f\"><span style=\"color: #c0c0c0;\">3er Platz South of England Eurotour 2012 <\/span><\/a><\/span>(Eastbourne)<br \/>\n<a href=\"http:\/\/kevin-newton.blogspot.ch\/search?updated-min=2012-01-01T00:00:00Z&amp;updated-max=2013-01-01T00:00:00Z&amp;max-results=19\"><span style=\"color: #0000ff;\"><span style=\"color: #c0c0c0;\">Fastest Time of the Comp Welsh Open 2013<\/span><\/span><\/a> (BWLCH)<br \/>\n1er Platz Welsh Open 2014<br \/>\n23er WM 2016 Hanstholm<\/p>\n<p style=\"text-align: center;\"><strong>Aktuelle F3F-Flotte:<\/strong><br \/>\nFreestyler 5 (<a href=\"http:\/\/www.tud-modelltechnik.de\/start_deutsch.htm\">TUD<\/a>)<br \/>\nFreestyler 3(<a href=\"http:\/\/www.tud-modelltechnik.de\/start_deutsch.htm\">TUD<\/a>)<\/p>\n<div id=\"attachment_322\" style=\"width: 310px\" class=\"wp-caption aligncenter\"><a href=\"http:\/\/www.f3f.ch\/wp-content\/uploads\/2013\/04\/portrait_stefan_bertschi_plane.jpg\"><img loading=\"lazy\" decoding=\"async\" aria-describedby=\"caption-attachment-322\" class=\"size-medium wp-image-322\" src=\"http:\/\/www.f3f.ch\/wp-content\/uploads\/2013\/04\/portrait_stefan_bertschi_plane-300x192.jpg\" alt=\"Stefan BERTSCHI mit RADICAL PRO\" width=\"300\" height=\"192\" srcset=\"https:\/\/www.f3f.ch\/wp-content\/uploads\/2013\/04\/portrait_stefan_bertschi_plane-300x192.jpg 300w, https:\/\/www.f3f.ch\/wp-content\/uploads\/2013\/04\/portrait_stefan_bertschi_plane-680x436.jpg 680w, https:\/\/www.f3f.ch\/wp-content\/uploads\/2013\/04\/portrait_stefan_bertschi_plane-220x140.jpg 220w, https:\/\/www.f3f.ch\/wp-content\/uploads\/2013\/04\/portrait_stefan_bertschi_plane-940x603.jpg 940w, https:\/\/www.f3f.ch\/wp-content\/uploads\/2013\/04\/portrait_stefan_bertschi_plane.jpg 1024w\" sizes=\"(max-width: 300px) 100vw, 300px\" \/><\/a><\/p>\n<p id=\"caption-attachment-322\" class=\"wp-caption-text\">Stefan BERTSCHI mit RADICAL PRO<\/p>\n<\/div>\n<ul class=\"social-links\"><\/ul>\n<p><!-- end .social-links --><\/div>\n<p><!-- end .content --><\/div>\n<p><!-- end .team-member --><\/p>\n<div class=\"team-member last-fourth \"><img loading=\"lazy\" decoding=\"async\" width=\"150\" height=\"158\" src=\"https:\/\/www.f3f.ch\/wp-content\/uploads\/2013\/04\/martin_ulrich.jpg\" class=\"photo wp-post-image\" alt=\"\" \/><\/p>\n<div class=\"content\">\n<h4 class=\"name\">Martin Ulrich<\/h4>\n<p><span class=\"job-title\">Pilot \/ Team Manager WM 2016\/2018<\/span><\/p>\n<p><strong>Wohnort:<\/strong> Schwyz<\/p>\n<p><strong>Jahrgang:<\/strong> 1966<\/p>\n<p><strong>Verein:<\/strong> <span style=\"color: #c0c0c0;\"><a href=\"http:\/\/www.mfvsz.ch\" target=\"_blank\" rel=\"noopener\"><span style=\"color: #c0c0c0;\">Modellflugverein Schwyz<\/span><\/a>, <a href=\"http:\/\/www.f3f.ch\"><span style=\"color: #c0c0c0;\">F3F SWISS PILOTS<\/span><\/a><\/span><\/p>\n<p>Ich betreibe Modellflug seit 2005. Ab 2010 Wettbewerbe F3F National, ab 2012 Wettbewerbe F3F International.<\/p>\n<p>Schnellste Runde&#8230; 35.31 sec. am Col de Tende beim F3F FAI Lemoncello Cup 2015<\/p>\n<p>Resultate 2017:<\/p>\n<p>3. Platz\u00a0F3F Schweizermeisterschaft 2017<br \/>\n1. Platz\u00a0F3F SWISS CUP Monti di Ronco 2017<br \/>\n12. Platz F3F FAI Lemoncello Cup 2017, F<br \/>\n4.\u00a0Platz F3F SWISS CUP 2017-1 &#8222;Dorfpokalfliegen&#8220;<br \/>\n22. Platz F3F FAI Norway Open Lofoten 2017, N<\/p>\n<p>Resultate 2016:<\/p>\n<p>4. Platz F3F Schweizermeisterschaft 2016; CH<br \/>\n21. Platz F3F FAI Lemoncello Cup 2016, F<br \/>\n23. Platz F3F FAI RCN Open 2016, F<\/p>\n<p>Resultate 2015:<br \/>\n8. Platz F3F Schweizermeisterschaft 2015; CH<br \/>\n25. Platz F3F FAI Lemoncello Cup 2015, F<br \/>\n28. Platz F3F FAI Spring Cup 2015, PL<br \/>\n34. Platz F3F FAI RCN Open 2015, F<br \/>\n39. Platz F3F FAI German Open, D<br \/>\n6. Platz F3F SWISS CUP 2015-3 &#8222;Dorfpokalfliegen&#8220;<br \/>\n12. Platz F3F SWISS CUP 2015-2 &#8222;Dorfpokalfliegen&#8220;<\/p>\n<p>Resultate 2014:<br \/>\n21. Platz F3F\u00a0World Championship 2014<br \/>\n4. Platz F3F Schweizermeisterschaft 2014<br \/>\n2. Platz F3F SWISS CUP 2014-1 &#8222;Dorfpokalfliegen&#8220;<br \/>\n31. Platz F3F South of England Open 2014<\/p>\n<p>Resultate 2013:<br \/>\n4. Platz F3F Schweizermeisterschaft 2013<br \/>\n15. Platz F3F European Championship 2013<br \/>\n29. Platz F3F Contest &#8211; Eurotour 2013 Gesamtwertung<br \/>\n11. Platz F3F Eurotour Caussoles, Frankreich<br \/>\n&#8230;<\/p>\n<p><span style=\"line-height: 1.7;\">Meine Modellflugzeuge f\u00fcr den Wettbewerbseinsatz:<br \/>\nFreestyler 5 von <a href=\"http:\/\/www.tud-modelltechnik.de\/\" target=\"_blank\" rel=\"noopener\">TUDM<\/a><br \/>\n<\/span>ENERGJIA V2 von <span style=\"color: #c0c0c0;\"><a href=\"http:\/\/www.sw-composite.de\" target=\"_blank\" rel=\"noopener\"><span style=\"color: #c0c0c0;\">SW-COMPOSITE<br \/>\n<\/span><\/a><\/span>SHINTO von <a href=\"http:\/\/f3j.in.ua\/shinto.html\">Vladimirs UK<\/a>,<a href=\"http:\/\/www.aer-o-tec.de\/de\/index.php\/Shinto\/\"> Aero-tec D<\/a><\/p>\n<div id=\"attachment_73\" style=\"width: 310px\" class=\"wp-caption aligncenter\"><a href=\"http:\/\/www.f3f.ch\/wp-content\/uploads\/2013\/04\/finish.jpg\"><img loading=\"lazy\" decoding=\"async\" aria-describedby=\"caption-attachment-73\" class=\"wp-image-73 size-medium\" src=\"http:\/\/www.f3f.ch\/wp-content\/uploads\/2013\/04\/finish-300x200.jpg\" alt=\"Martin Ulrich mit seinen ENERGIJA's vor dem Mythen\" width=\"300\" height=\"200\" srcset=\"https:\/\/www.f3f.ch\/wp-content\/uploads\/2013\/04\/finish-300x200.jpg 300w, https:\/\/www.f3f.ch\/wp-content\/uploads\/2013\/04\/finish-1024x685.jpg 1024w, https:\/\/www.f3f.ch\/wp-content\/uploads\/2013\/04\/finish-680x455.jpg 680w, https:\/\/www.f3f.ch\/wp-content\/uploads\/2013\/04\/finish-940x629.jpg 940w, https:\/\/www.f3f.ch\/wp-content\/uploads\/2013\/04\/finish.jpg 1920w\" sizes=\"(max-width: 300px) 100vw, 300px\" \/><\/a><\/p>\n<p id=\"caption-attachment-73\" class=\"wp-caption-text\">Martin Ulrich mit seinen ENERGIJA&#8217;s vor dem Mythen<\/p>\n<\/div>\n<div id=\"attachment_2952\" style=\"width: 310px\" class=\"wp-caption aligncenter\"><a href=\"http:\/\/www.f3f.ch\/wp-content\/uploads\/2016\/07\/F3F-Limoncello-CUP-2016-005.jpg\"><img loading=\"lazy\" decoding=\"async\" aria-describedby=\"caption-attachment-2952\" class=\"size-medium wp-image-2952\" src=\"http:\/\/www.f3f.ch\/wp-content\/uploads\/2016\/07\/F3F-Limoncello-CUP-2016-005-300x225.jpg\" alt=\"Schiessbude\" width=\"300\" height=\"225\" srcset=\"https:\/\/www.f3f.ch\/wp-content\/uploads\/2016\/07\/F3F-Limoncello-CUP-2016-005-300x225.jpg 300w, https:\/\/www.f3f.ch\/wp-content\/uploads\/2016\/07\/F3F-Limoncello-CUP-2016-005-768x576.jpg 768w, https:\/\/www.f3f.ch\/wp-content\/uploads\/2016\/07\/F3F-Limoncello-CUP-2016-005-1024x768.jpg 1024w, https:\/\/www.f3f.ch\/wp-content\/uploads\/2016\/07\/F3F-Limoncello-CUP-2016-005-680x510.jpg 680w, https:\/\/www.f3f.ch\/wp-content\/uploads\/2016\/07\/F3F-Limoncello-CUP-2016-005-940x705.jpg 940w, https:\/\/www.f3f.ch\/wp-content\/uploads\/2016\/07\/F3F-Limoncello-CUP-2016-005.jpg 1920w\" sizes=\"(max-width: 300px) 100vw, 300px\" \/><\/a><\/p>\n<p id=\"caption-attachment-2952\" class=\"wp-caption-text\">Schiessbude<\/p>\n<\/div>\n<ul class=\"social-links\">\n<li class=\"googleplus\"><a href=\"https:\/\/plus.google.com\/u\/0\/117023672124406350218\">Googleplus<\/a><\/li>\n<li class=\"vimeo\"><a href=\"https:\/\/vimeo.com\/user7588929\">Vimeo<\/a><\/li>\n<li class=\"youtube\"><a href=\"http:\/\/www.youtube.com\/user\/mfvsz\">Youtube<\/a><\/li>\n<\/ul>\n<p><!-- end .social-links --><\/div>\n<p><!-- end .content --><\/div>\n<p><!-- end .team-member --><\/p>\n","protected":false},"excerpt":{"rendered":"<p>Dieses Jahr 2018 findet die vierte offizielle F3F Weltmeisterschaft\u00a0statt. Auf der Insel R\u00dcGEN, DEUTSCHLAND werden sich die Auswahlen der ganzen Welt w\u00e4hrend 7 Tagen messen. Jedes Land kann ein Team von drei Piloten an die WM entsenden. Das Team f\u00fcr&hellip;<\/p>\n","protected":false},"author":1,"featured_media":0,"parent":0,"menu_order":0,"comment_status":"closed","ping_status":"closed","template":"","meta":{"footnotes":""},"_links":{"self":[{"href":"https:\/\/www.f3f.ch\/index.php?rest_route=\/wp\/v2\/pages\/3747"}],"collection":[{"href":"https:\/\/www.f3f.ch\/index.php?rest_route=\/wp\/v2\/pages"}],"about":[{"href":"https:\/\/www.f3f.ch\/index.php?rest_route=\/wp\/v2\/types\/page"}],"author":[{"embeddable":true,"href":"https:\/\/www.f3f.ch\/index.php?rest_route=\/wp\/v2\/users\/1"}],"replies":[{"embeddable":true,"href":"https:\/\/www.f3f.ch\/index.php?rest_route=%2Fwp%2Fv2%2Fcomments&post=3747"}],"version-history":[{"count":3,"href":"https:\/\/www.f3f.ch\/index.php?rest_route=\/wp\/v2\/pages\/3747\/revisions"}],"predecessor-version":[{"id":3750,"href":"https:\/\/www.f3f.ch\/index.php?rest_route=\/wp\/v2\/pages\/3747\/revisions\/3750"}],"wp:attachment":[{"href":"https:\/\/www.f3f.ch\/index.php?rest_route=%2Fwp%2Fv2%2Fmedia&parent=3747"}],"curies":[{"name":"wp","href":"https:\/\/api.w.org\/{rel}","templated":true}]}}