{"id":562,"date":"2013-07-24T08:22:06","date_gmt":"2013-07-24T06:22:06","guid":{"rendered":"http:\/\/www.f3f.ch\/?page_id=562"},"modified":"2013-07-24T08:22:06","modified_gmt":"2013-07-24T06:22:06","slug":"f3f-sm-2012","status":"publish","type":"page","link":"https:\/\/www.f3f.ch\/?page_id=562","title":{"rendered":"F3F SM 2012"},"content":{"rendered":"<p>F3F Schweizermeisterschaft 2012 auf dem Hahnenmoos am Schalmi<\/p>\n<p>Rangliste<\/p>\n<p style=\"text-align: left;\">1 Knechtle Stefan<\/p>\n<p style=\"text-align: left;\">2 Goldammer Oliver<\/p>\n<p style=\"text-align: left;\">3 Huggler Niklaus<\/p>\n<p style=\"text-align: left;\">4 Bertschi Stefan<\/p>\n<p style=\"text-align: left;\">5 B\u00f6hlen Andreas<\/p>\n<p style=\"text-align: left;\">6 Maldini Christian<\/p>\n<p style=\"text-align: left;\">7 Roland L\u00fcthi<\/p>\n<p style=\"text-align: left;\">8 Kirch Michael<\/p>\n<p style=\"text-align: left;\">9 H\u00e4usler Patrick<\/p>\n<p style=\"text-align: left;\">10 Maric Renato<\/p>\n<p style=\"text-align: left;\">11 B\u00f6hlen Stefan<\/p>\n<p style=\"text-align: left;\">12 W\u00e4ck<\/p>\n<p style=\"text-align: left;\">13 B\u00f6hlen Paul<\/p>\n<p style=\"text-align: left;\">14 Blumer Reto<\/p>\n<p style=\"text-align: left;\">15 Zwingli Hansruedi<\/p>\n<p style=\"text-align: left;\">16 Hofmann Roland<\/p>\n<p style=\"text-align: left;\">17 Schmid Reto<\/p>\n<p style=\"text-align: left;\">18 Kopp Martin<\/p>\n<p style=\"text-align: left;\">19 J\u00e4ger Raphael<\/p>\n<p style=\"text-align: left;\">20 Meissner Markus<\/p>\n<p style=\"text-align: left;\">21 Kiko Cavalli<\/p>\n<p style=\"text-align: left;\">22 H\u00e4usler Fredi<\/p>\n<p style=\"text-align: left;\">23 Ulrich Martin<\/p>\n<p style=\"text-align: left;\">24 Schaub Ruedi<\/p>\n<p style=\"text-align: left;\">25 Gremper Christian<\/p>\n<p style=\"text-align: left;\">26 Lichtensteiger Markus<\/p>\n<p style=\"text-align: left;\">27 Heller Stephan<\/p>\n<p style=\"text-align: left;\">28 H\u00fcrzeler Thomas<\/p>\n<p style=\"text-align: left;\">29 Gentile Paride<\/p>\n<p>F3F Slope Soaring Schweizer Meister Fosa Lift Tanga Radical Pro Extreme Alliaj HM Cyrill Ceres Lift Highlander DS Diva Vampire Spider Freestyler 4 Needle 100 Energija V2 Wobbegong Fr\u00e4ulein Rottenmeier<\/p>\n","protected":false},"excerpt":{"rendered":"<p>F3F Schweizermeisterschaft 2012 auf dem Hahnenmoos am Schalmi Rangliste 1 Knechtle Stefan 2 Goldammer Oliver 3 Huggler Niklaus 4 Bertschi Stefan 5 B\u00f6hlen Andreas 6 Maldini Christian 7 Roland L\u00fcthi 8 Kirch Michael 9 H\u00e4usler Patrick 10 Maric Renato 11&hellip;<\/p>\n","protected":false},"author":1,"featured_media":0,"parent":13,"menu_order":7,"comment_status":"open","ping_status":"open","template":"","meta":{"footnotes":""},"_links":{"self":[{"href":"https:\/\/www.f3f.ch\/index.php?rest_route=\/wp\/v2\/pages\/562"}],"collection":[{"href":"https:\/\/www.f3f.ch\/index.php?rest_route=\/wp\/v2\/pages"}],"about":[{"href":"https:\/\/www.f3f.ch\/index.php?rest_route=\/wp\/v2\/types\/page"}],"author":[{"embeddable":true,"href":"https:\/\/www.f3f.ch\/index.php?rest_route=\/wp\/v2\/users\/1"}],"replies":[{"embeddable":true,"href":"https:\/\/www.f3f.ch\/index.php?rest_route=%2Fwp%2Fv2%2Fcomments&post=562"}],"version-history":[{"count":4,"href":"https:\/\/www.f3f.ch\/index.php?rest_route=\/wp\/v2\/pages\/562\/revisions"}],"predecessor-version":[{"id":566,"href":"https:\/\/www.f3f.ch\/index.php?rest_route=\/wp\/v2\/pages\/562\/revisions\/566"}],"up":[{"embeddable":true,"href":"https:\/\/www.f3f.ch\/index.php?rest_route=\/wp\/v2\/pages\/13"}],"wp:attachment":[{"href":"https:\/\/www.f3f.ch\/index.php?rest_route=%2Fwp%2Fv2%2Fmedia&parent=562"}],"curies":[{"name":"wp","href":"https:\/\/api.w.org\/{rel}","templated":true}]}}