{"id":669,"date":"2013-08-09T09:13:10","date_gmt":"2013-08-09T07:13:10","guid":{"rendered":"http:\/\/www.f3f.ch\/?page_id=669"},"modified":"2023-08-30T18:12:54","modified_gmt":"2023-08-30T17:12:54","slug":"rechtliche-hinweise","status":"publish","type":"page","link":"https:\/\/www.f3f.ch\/?page_id=669","title":{"rendered":"Rechtliche Hinweise"},"content":{"rendered":"<div><strong>Datenschutz<\/strong><\/div>\n<div>Sofern innerhalb der Website die M\u00f6glichkeit zur Eingabe personenbezogener Daten besteht, erfolgt die Preisgabe dieser Daten auf freiwilliger Basis.<\/div>\n<div>Im Falle, dass der Benutzerin\/dem Benutzer die M\u00f6glichkeit zur Verf\u00fcgung gestellt wird, Informationen in die Website einzubringen, beh\u00e4lt sich der\u00a0Verein F3F SWISS PILOTS\u00a0das Recht vor, diese Daten im Rahmen der anwendbaren Datenschutzgesetzgebung zu erfassen und zu verwenden.<\/div>\n<div>Die Nutzung der im Rahmen der Website ver\u00f6ffentlichten Kontaktdaten wie Postanschriften, Telefonnummer sowie E-Mailadressen durch Dritte zur \u00dcbersendung von nicht ausdr\u00fccklich angeforderten Informationen ist nicht gestattet.<\/div>\n<p><a href=\"https:\/\/www.f3f.ch\/?page_id=5325\"><strong>Datenschutzerkl\u00e4rung<\/strong><\/a><\/p>\n<p><strong>Unabh\u00e4ngige\/externe Linkseiten:<\/strong> F\u00fcr diese zeichnen deren jeweilige Betreuer vollumf\u00e4nglich alleine verantwortlich.<\/p>\n<p><strong>Copyright \/ Disclaimer<\/strong> S\u00e4mtliche Inhalte der offiziellen Seiten von <a href=\"http:\/\/www.f3f.ch\">www.f3f.ch<\/a> unterliegen u.a. auch aus Gr\u00fcnden der Konsistenz dem Copyright des Vereins F3F SWISS PILOTS. Das Kopieren von Inhalten jeglicher Form durch andere Website-Betreiber, nicht nur, aber ganz speziell in kommerziellem Rahmen, ist ausdr\u00fccklich nicht gestattet. Ebenso ist es ausdr\u00fccklich nicht erlaubt, Eintr\u00e4ge dieser Seite als Ganzes oder in Teilen f\u00fcr den Einsatz in anderen Portalen, Datenbanken und Seiten zu kopieren. Klare Verlinkungen in eigenen Fenstern sind selbstverst\u00e4ndlich statthaft, sofern die Verwendung von Aufrufen den allgemeinen hier vorliegenden Richtlinien entspricht. Andere Ausnahmen bed\u00fcrfen der ausdr\u00fccklichen schriftlichen Zustimmung per eMail unter Angabe des geplanten Projektes und\/oder der geplanten Website.<\/p>\n<p>F\u00fcr die Link-Websites &#8211; ausgehend von f3f.ch &#8211; sind in Copyright-Fragen deren Betreiber zu kontaktieren. Der Verein F3F SWISS PILOTS verweist auch ausdr\u00fccklich auf deren Verantwortung f\u00fcr deren Inhalt und Ihrer Webpublikationen f\u00fcr dessen Inhalt der\u00a0Verein F3F SWISS PILOTS\u00a0und die Redaktoren von f3f.ch nicht verantwortlich sind.<\/p>\n","protected":false},"excerpt":{"rendered":"<p>Datenschutz Sofern innerhalb der Website die M\u00f6glichkeit zur Eingabe personenbezogener Daten besteht, erfolgt die Preisgabe dieser Daten auf freiwilliger Basis. Im Falle, dass der Benutzerin\/dem Benutzer die M\u00f6glichkeit zur Verf\u00fcgung gestellt wird, Informationen in die Website einzubringen, beh\u00e4lt sich der\u00a0Verein&hellip;<\/p>\n","protected":false},"author":1,"featured_media":0,"parent":0,"menu_order":0,"comment_status":"open","ping_status":"open","template":"","meta":{"footnotes":""},"_links":{"self":[{"href":"https:\/\/www.f3f.ch\/index.php?rest_route=\/wp\/v2\/pages\/669"}],"collection":[{"href":"https:\/\/www.f3f.ch\/index.php?rest_route=\/wp\/v2\/pages"}],"about":[{"href":"https:\/\/www.f3f.ch\/index.php?rest_route=\/wp\/v2\/types\/page"}],"author":[{"embeddable":true,"href":"https:\/\/www.f3f.ch\/index.php?rest_route=\/wp\/v2\/users\/1"}],"replies":[{"embeddable":true,"href":"https:\/\/www.f3f.ch\/index.php?rest_route=%2Fwp%2Fv2%2Fcomments&post=669"}],"version-history":[{"count":6,"href":"https:\/\/www.f3f.ch\/index.php?rest_route=\/wp\/v2\/pages\/669\/revisions"}],"predecessor-version":[{"id":5331,"href":"https:\/\/www.f3f.ch\/index.php?rest_route=\/wp\/v2\/pages\/669\/revisions\/5331"}],"wp:attachment":[{"href":"https:\/\/www.f3f.ch\/index.php?rest_route=%2Fwp%2Fv2%2Fmedia&parent=669"}],"curies":[{"name":"wp","href":"https:\/\/api.w.org\/{rel}","templated":true}]}}