{"id":688,"date":"2013-08-12T22:50:03","date_gmt":"2013-08-12T20:50:03","guid":{"rendered":"http:\/\/www.f3f.ch\/?page_id=688"},"modified":"2014-06-13T10:04:26","modified_gmt":"2014-06-13T08:04:26","slug":"mitgliedschaft","status":"publish","type":"page","link":"https:\/\/www.f3f.ch\/?page_id=688","title":{"rendered":"Mitgliedschaft"},"content":{"rendered":"<h4 style=\"text-align: center;\"><span style=\"color: #f0f0f0;\"><strong>Aktiv Mitglied<\/strong><\/span><\/h4>\n<p style=\"text-align: justify;\">Du baust und\/oder fliegst Modellflugzeuge. Du m\u00f6chtest dich insbesondere bei Hangflug und F3F entwickeln oder Wettbewerbe bestreiten. Du m\u00f6chtest eine Internationale Wettbewerbslizenz erwerben?\u00a0 Dich einfach mit Gleichgesinnten zu F3F Trainings treffen und dich an nationalen F3F Cup-Wettbewerben aktiv beteiligen. Bei den F3F SWISS PILOTS findest du alle notwendigen Informationen und M\u00f6glichkeiten um den Wettbewerbssport F3F aktiv zu erleben. Falls du bereits SMV\/AeCS Mitglied bist brauchst du nur noch den Jahresbeitrag\u00a0von CHF 50.-\u00a0an den Verein zu entrichten.<\/p>\n<p style=\"text-align: justify;\">Z\u00f6gere nicht und beantrage eine Mitgliedschaft mit dem\u00a0 <strong><a href=\"http:\/\/www.f3f.ch\/wp-content\/uploads\/2014\/06\/Antragsformular-Mitgliedschaft-F3F-SWISS-PILOTS.pdf\">Antragsformular Mitgliedschaft F3F SWISS PILOTS<\/a>\u00a0<\/strong>und du wirst von uns kontaktiert.<\/p>\n<p style=\"text-align: center;\"><a href=\"http:\/\/www.f3f.ch\/wp-content\/uploads\/2014\/06\/Antragsformular-Mitgliedschaft-F3F-SWISS-PILOTS.pdf\"><img loading=\"lazy\" decoding=\"async\" class=\"size-full wp-image-773 aligncenter\" src=\"http:\/\/www.f3f.ch\/wp-content\/uploads\/2013\/08\/form_member_tumb.jpg\" alt=\"form_member_tumb\" width=\"226\" height=\"320\" srcset=\"https:\/\/www.f3f.ch\/wp-content\/uploads\/2013\/08\/form_member_tumb.jpg 226w, https:\/\/www.f3f.ch\/wp-content\/uploads\/2013\/08\/form_member_tumb-211x300.jpg 211w\" sizes=\"(max-width: 226px) 100vw, 226px\" \/><\/a><\/p>\n<h4 style=\"text-align: center;\">\n<hr class=\"\" \/><\/h4>\n<h4 style=\"text-align: center;\"><span style=\"color: #f0f0f0;\"><strong>G\u00f6nner Mitglieder<\/strong><\/span><\/h4>\n<p style=\"text-align: justify;\">Du findest die Aktivit\u00e4ten des Vereins F3F SWISS PILOTS sympathisch und m\u00f6chtest den Verein finanziell und ideologisch unterst\u00fctzen? Melde dich oder deine Firma und wir besprechen gerne eine Zusammenarbeit um dein Engagement entsprechend zu w\u00fcrdigen bzw. sichtbar zu machen. Sende uns einfach das <a href=\"http:\/\/www.f3f.ch\/wp-content\/uploads\/2014\/06\/Meldeformular-Goenner-F3F-SWISS-PILOTS.pdf\"><strong>Meldeformular G\u00f6nner<\/strong><\/a> mit deinen Kontaktdaten.\u00a0Wir setzen uns mit dir in Verbindung.<\/p>\n<p style=\"text-align: center;\">\u00a0<a href=\"http:\/\/www.f3f.ch\/wp-content\/uploads\/2014\/06\/Meldeformular-Goenner-F3F-SWISS-PILOTS.pdf\"><img loading=\"lazy\" decoding=\"async\" class=\"aligncenter size-full wp-image-775\" src=\"http:\/\/www.f3f.ch\/wp-content\/uploads\/2013\/08\/form_goenner_tumb.jpg\" alt=\"form_goenner_tumb\" width=\"226\" height=\"320\" srcset=\"https:\/\/www.f3f.ch\/wp-content\/uploads\/2013\/08\/form_goenner_tumb.jpg 226w, https:\/\/www.f3f.ch\/wp-content\/uploads\/2013\/08\/form_goenner_tumb-211x300.jpg 211w\" sizes=\"(max-width: 226px) 100vw, 226px\" \/><\/a><\/p>\n<p style=\"text-align: center;\">\n<hr class=\"\" \/>\n","protected":false},"excerpt":{"rendered":"<p>Aktiv Mitglied Du baust und\/oder fliegst Modellflugzeuge. Du m\u00f6chtest dich insbesondere bei Hangflug und F3F entwickeln oder Wettbewerbe bestreiten. Du m\u00f6chtest eine Internationale Wettbewerbslizenz erwerben?\u00a0 Dich einfach mit Gleichgesinnten zu F3F Trainings treffen und dich an nationalen F3F Cup-Wettbewerben aktiv&hellip;<\/p>\n","protected":false},"author":1,"featured_media":0,"parent":91,"menu_order":5,"comment_status":"open","ping_status":"open","template":"","meta":{"footnotes":""},"_links":{"self":[{"href":"https:\/\/www.f3f.ch\/index.php?rest_route=\/wp\/v2\/pages\/688"}],"collection":[{"href":"https:\/\/www.f3f.ch\/index.php?rest_route=\/wp\/v2\/pages"}],"about":[{"href":"https:\/\/www.f3f.ch\/index.php?rest_route=\/wp\/v2\/types\/page"}],"author":[{"embeddable":true,"href":"https:\/\/www.f3f.ch\/index.php?rest_route=\/wp\/v2\/users\/1"}],"replies":[{"embeddable":true,"href":"https:\/\/www.f3f.ch\/index.php?rest_route=%2Fwp%2Fv2%2Fcomments&post=688"}],"version-history":[{"count":31,"href":"https:\/\/www.f3f.ch\/index.php?rest_route=\/wp\/v2\/pages\/688\/revisions"}],"predecessor-version":[{"id":1750,"href":"https:\/\/www.f3f.ch\/index.php?rest_route=\/wp\/v2\/pages\/688\/revisions\/1750"}],"up":[{"embeddable":true,"href":"https:\/\/www.f3f.ch\/index.php?rest_route=\/wp\/v2\/pages\/91"}],"wp:attachment":[{"href":"https:\/\/www.f3f.ch\/index.php?rest_route=%2Fwp%2Fv2%2Fmedia&parent=688"}],"curies":[{"name":"wp","href":"https:\/\/api.w.org\/{rel}","templated":true}]}}